{"id":2,"date":"2026-04-20T08:36:44","date_gmt":"2026-04-20T08:36:44","guid":{"rendered":"http:\/\/orleans-sud-evangelique.fr\/?page_id=2"},"modified":"2026-04-20T09:19:53","modified_gmt":"2026-04-20T09:19:53","slug":"accueil","status":"publish","type":"page","link":"https:\/\/orleans-sud-evangelique.fr\/","title":{"rendered":"O.S.E"},"content":{"rendered":"\n<p>OSE comme&#8230;<\/p>\n\n\n\n<p>&#8230; OSE te poser des questions sur la vie<\/p>\n\n\n\n<p>&#8230; OSE vivre des rencontres qui interpellent<\/p>\n\n\n\n<p>&#8230; OSE d\u00e9couvrir la foi chr\u00e9tienne<\/p>\n\n\n\n<hr class=\"wp-block-separator has-alpha-channel-opacity\"\/>\n\n\n\n<p>C&#8217;est pour cela que des chr\u00e9tiens de deux \u00e9glises orl\u00e9anaises (l&#8217;Eglise Baptiste de Saint-Jean de la Ruelle et l&#8217;Eglise protestante des Blossi\u00e8res) organisent depuis septembre 2025 des moments conviviaux pour \u00e9changer sur la vie et la Bible avec tous ceux qui le souhaitent.<\/p>\n\n\n\n<hr class=\"wp-block-separator has-alpha-channel-opacity\"\/>\n\n\n\n<p>Les rencontres ont lieu principalement au Centre \u0152cum\u00e9nique, dans le quartier de la Source.<\/p>\n","protected":false},"excerpt":{"rendered":"<p>OSE comme&#8230; &#8230; OSE te poser des questions sur la vie &#8230; OSE vivre des rencontres qui interpellent &#8230; OSE d\u00e9couvrir la foi chr\u00e9tienne C&#8217;est pour cela que des chr\u00e9tiens de deux \u00e9glises orl\u00e9anaises (l&#8217;Eglise Baptiste de Saint-Jean de la Ruelle et l&#8217;Eglise protestante des Blossi\u00e8res) organisent depuis septembre 2025 des moments conviviaux pour \u00e9changer [&hellip;]<\/p>\n","protected":false},"author":1,"featured_media":14,"parent":0,"menu_order":0,"comment_status":"closed","ping_status":"closed","template":"","meta":{"footnotes":""},"class_list":["post-2","page","type-page","status-publish","has-post-thumbnail","hentry"],"_links":{"self":[{"href":"https:\/\/orleans-sud-evangelique.fr\/index.php\/wp-json\/wp\/v2\/pages\/2","targetHints":{"allow":["GET"]}}],"collection":[{"href":"https:\/\/orleans-sud-evangelique.fr\/index.php\/wp-json\/wp\/v2\/pages"}],"about":[{"href":"https:\/\/orleans-sud-evangelique.fr\/index.php\/wp-json\/wp\/v2\/types\/page"}],"author":[{"embeddable":true,"href":"https:\/\/orleans-sud-evangelique.fr\/index.php\/wp-json\/wp\/v2\/users\/1"}],"replies":[{"embeddable":true,"href":"https:\/\/orleans-sud-evangelique.fr\/index.php\/wp-json\/wp\/v2\/comments?post=2"}],"version-history":[{"count":2,"href":"https:\/\/orleans-sud-evangelique.fr\/index.php\/wp-json\/wp\/v2\/pages\/2\/revisions"}],"predecessor-version":[{"id":12,"href":"https:\/\/orleans-sud-evangelique.fr\/index.php\/wp-json\/wp\/v2\/pages\/2\/revisions\/12"}],"wp:featuredmedia":[{"embeddable":true,"href":"https:\/\/orleans-sud-evangelique.fr\/index.php\/wp-json\/wp\/v2\/media\/14"}],"wp:attachment":[{"href":"https:\/\/orleans-sud-evangelique.fr\/index.php\/wp-json\/wp\/v2\/media?parent=2"}],"curies":[{"name":"wp","href":"https:\/\/api.w.org\/{rel}","templated":true}]}}